{"id":102,"date":"2021-04-27T00:29:25","date_gmt":"2021-04-26T22:29:25","guid":{"rendered":"https:\/\/www.efrm.info\/efrm\/?page_id=102"},"modified":"2021-07-05T21:46:57","modified_gmt":"2021-07-05T19:46:57","slug":"eisenbahnfreunde-taunus-e-v","status":"publish","type":"page","link":"https:\/\/www.efrm.info\/efrm\/modelleisenbahn-clubs\/eisenbahnfreunde-taunus-e-v\/","title":{"rendered":"Eisenbahnfreunde Taunus e.V."},"content":{"rendered":"<p><a href=\"https:\/\/www.efrm.info\/efrm\/wp-content\/uploads\/2021\/04\/EFT_vlcsnap-2019-09-08-14h13m55s109.png\"><img loading=\"lazy\" decoding=\"async\" class=\"alignleft size-thumbnail wp-image-110\" src=\"https:\/\/www.efrm.info\/efrm\/wp-content\/uploads\/2021\/04\/EFT_vlcsnap-2019-09-08-14h13m55s109-150x150.png\" alt=\"\" width=\"150\" height=\"150\" \/><\/a><a href=\"https:\/\/www.efrm.info\/efrm\/wp-content\/uploads\/2021\/04\/EFT_vlcsnap-2019-09-08-14h28m29s765.png\"><img loading=\"lazy\" decoding=\"async\" class=\"alignleft size-thumbnail wp-image-112\" src=\"https:\/\/www.efrm.info\/efrm\/wp-content\/uploads\/2021\/04\/EFT_vlcsnap-2019-09-08-14h28m29s765-150x150.png\" alt=\"\" width=\"150\" height=\"150\" \/><\/a><a href=\"https:\/\/www.efrm.info\/efrm\/wp-content\/uploads\/2021\/04\/EFT_vlcsnap-2019-09-08-14h18m07s656.png\"><img loading=\"lazy\" decoding=\"async\" class=\"alignleft size-thumbnail wp-image-105\" src=\"https:\/\/www.efrm.info\/efrm\/wp-content\/uploads\/2021\/04\/EFT_vlcsnap-2019-09-08-14h18m07s656-150x150.png\" alt=\"\" width=\"150\" height=\"150\" \/><\/a>Die Gemeinschaftsanlage umfasst eine Fl\u00e4che von gut 35 Quadratmeter. Sie ist in einer E-Form auf einer L\u00e4nge von 6,20m und einer Breite von 7,50m aufgebaut, wobei es neben dem sichtbaren Bereich drei weitere Etagen mit Schattenbahnh\u00f6fen und deren Zufahrten gibt. Das der Modellbahnanlage zugrunde liegende Thema ist ein mittelgro\u00dfer Kopfbahnhof der fiktiven Stadt \u201eRotenau\u201c. Angesiedelt in Hessen w\u00e4hrend der fr\u00fchen Bundesbahnzeit. Es wird recht gro\u00dfz\u00fcgig der Zeitraum nach 1945 bis zum Beginn der 60er-Jahre des letzten Jahrhunderts dargestellt. Zum 8-gleisigen Kopfbahnhof \u201eRotenau\u201c f\u00fchren zwei 2-gleisige Hauptbahnlinien und von einer dieser Hauptstrecken zweigt eine Nebenbahn ab, die im Luftkurort \u201eK\u00f6nigswald (Stein)\u201c endet. Dieser Ort mit seinem mittelalterlichen Erscheinungsbild, seiner imposanten Burg und seinem Endbahnhof ist ansatzweise dem Vorbild K\u00f6nigstein im Taunus nachempfunden. Die Abstellbahnh\u00f6fe wurden immer wieder optimiert. Der Zugverkehr auf unserer Anlage ist \u00e4u\u00dferst abwechslungsreich. Das Spektrum reicht von Kombinationen aus wenigen preu\u00dfischen Abteilwagen oder Donnerb\u00fcchsen bis zum gehobenen Fernverkehr mit &#8211; damals hochmodernen &#8211; 26,4m langen Reisezugwagen. Und G\u00fcterz\u00fcge fehlen nat\u00fcrlich auch nicht. Naturgem\u00e4\u00df wird das Gros der Z\u00fcge von Dampfloks gezogen, doch auch die Dieseltraktion spielt eine Rolle; neben mehreren Schienenbussen findet man einige Schnelltriebwagen und auch einen siebenteiligen Diesel-Triebzug der Baureihe VT 11.5 der auch TransEuropExpress (TEE) genannt wurde.<br \/>\nDamit die mehr als 60 Personen- und G\u00fcterz\u00fcge aus dem Vereinsbesitz optimal rollen k\u00f6nnen, wurden 517m Gleise verlegt, wovon auf den \u201eunterirdischen Bereich\u201c knapp 360m entfallen. Der Betrieb im unsichtbaren Bereich l\u00e4uft vollautomatisch ab, im sichtbaren Bereich wird teils automatisch, teils manuell gefahren. Die Streckenf\u00fchrung ist aufgeteilt in 98 Bl\u00f6cke. 84 Form-und Lichtsignale simulieren eine vorbildgerechte Beeinflusung des Zugverkehrs. Da ab der zweiten H\u00e4lfte der 50er-Jahre begann die DB, ihre Strecken im Rhein-Main-Gebiet zu elektrifizieren und dies hei\u00dft f\u00fcr uns nat\u00fcrlich das unsere Paradestrecke auch eine Oberleitung hat. Unter anderem kursieren hier eine Vorserien E-Lok, in Fachkreisen E10 genannt, mit zehn Reisezugwagen und eine E-Lok der Baureihe E44 mit drei\u00dfig verschmutzten Kesselwagen; wie im Original.<br \/>\nZu den weiteren Highlights unseres rollenden Materials z\u00e4hlen der \u201eZirkus-Krone-Zug\u201c und einer der ersten doppelst\u00f6ckigen Autotransportz\u00fcge aus dem Jahr 1953 best\u00fcckt mit 104 Kfz-Modellen im Ma\u00dfstab 1:87. Dieser Zug konnte mit der dokumentarischen Unterst\u00fctzung der Fa. Adam Opel AG, R\u00fcsselsheim vorbildgetreu zusammengestellt werden. Beide haben eine beeindruckende L\u00e4nge von knapp vier Metern. Unser Wahlspruch lautet: Die Liebe liegt im Detail!<\/p>\n<h3>Kontakt<\/h3>\n<p style=\"padding-left: 40px;\"><i class=\"dashicons dashicons-email\"><\/i> <a href=\"mailto:info@eisenbahnfreunde-taunus.de\">info@eisenbahnfreunde-taunus.de<\/a><\/p>\n<p style=\"padding-left: 40px;\"><i class=\"dashicons dashicons-admin-site-alt3\"><\/i> <a href=\"https:\/\/www.eisenbahnfreunde-taunus.de\" target=\"_blank\" rel=\"noopener\">eisenbahnfreunde-taunus.de<\/a><\/p>\n<p style=\"padding-left: 40px;\"><i class=\"dashicons dashicons-phone\"><\/i> 06196\/46466<\/p>\n<h3>Adresse<\/h3>\n<p style=\"padding-left: 40px;\">Eisenbahnfreunde Taunus e.V.<\/p>\n<p style=\"padding-left: 40px;\">Hauptstra\u00dfe 14<\/p>\n<p style=\"padding-left: 40px;\">65760 Eschborn\/Ts.<\/p>\n","protected":false},"excerpt":{"rendered":"<p>Die Gemeinschaftsanlage umfasst eine Fl\u00e4che von gut 35 Quadratmeter. Sie ist in einer E-Form auf einer L\u00e4nge von 6,20m und<\/p>\n","protected":false},"author":2,"featured_media":0,"parent":8,"menu_order":0,"comment_status":"closed","ping_status":"closed","template":"","meta":{"colormag_page_container_layout":"default_layout","colormag_page_sidebar_layout":"default_layout","footnotes":""},"class_list":["post-102","page","type-page","status-publish","hentry"],"_links":{"self":[{"href":"https:\/\/www.efrm.info\/efrm\/wp-json\/wp\/v2\/pages\/102","targetHints":{"allow":["GET"]}}],"collection":[{"href":"https:\/\/www.efrm.info\/efrm\/wp-json\/wp\/v2\/pages"}],"about":[{"href":"https:\/\/www.efrm.info\/efrm\/wp-json\/wp\/v2\/types\/page"}],"author":[{"embeddable":true,"href":"https:\/\/www.efrm.info\/efrm\/wp-json\/wp\/v2\/users\/2"}],"replies":[{"embeddable":true,"href":"https:\/\/www.efrm.info\/efrm\/wp-json\/wp\/v2\/comments?post=102"}],"version-history":[{"count":7,"href":"https:\/\/www.efrm.info\/efrm\/wp-json\/wp\/v2\/pages\/102\/revisions"}],"predecessor-version":[{"id":333,"href":"https:\/\/www.efrm.info\/efrm\/wp-json\/wp\/v2\/pages\/102\/revisions\/333"}],"up":[{"embeddable":true,"href":"https:\/\/www.efrm.info\/efrm\/wp-json\/wp\/v2\/pages\/8"}],"wp:attachment":[{"href":"https:\/\/www.efrm.info\/efrm\/wp-json\/wp\/v2\/media?parent=102"}],"curies":[{"name":"wp","href":"https:\/\/api.w.org\/{rel}","templated":true}]}}