{"id":125,"date":"2021-04-27T20:34:20","date_gmt":"2021-04-27T18:34:20","guid":{"rendered":"https:\/\/www.efrm.info\/efrm\/?page_id=125"},"modified":"2021-07-05T21:37:46","modified_gmt":"2021-07-05T19:37:46","slug":"frankfurter-feldbahnmuseum-e-v","status":"publish","type":"page","link":"https:\/\/www.efrm.info\/efrm\/eisenbahnvereine_und_maschinen\/frankfurter-feldbahnmuseum-e-v\/","title":{"rendered":"Frankfurter Feldbahnmuseum e.V."},"content":{"rendered":"<p><a href=\"https:\/\/www.efrm.info\/efrm\/wp-content\/uploads\/2021\/04\/2019_Pressebild_Lampion-Fahrtag_Fabian_Sawilla-scaled.jpg\"><img loading=\"lazy\" decoding=\"async\" class=\"alignleft size-thumbnail wp-image-136\" src=\"https:\/\/www.efrm.info\/efrm\/wp-content\/uploads\/2021\/04\/2019_Pressebild_Lampion-Fahrtag_Fabian_Sawilla-150x150.jpg\" alt=\"\" width=\"150\" height=\"150\" \/><\/a><a href=\"https:\/\/www.efrm.info\/efrm\/wp-content\/uploads\/2021\/04\/2019_Pressebild_Gluehwein-Fahrtag_Stefan_Hanke-scaled.jpg\"><img loading=\"lazy\" decoding=\"async\" class=\"alignleft size-thumbnail wp-image-139\" src=\"https:\/\/www.efrm.info\/efrm\/wp-content\/uploads\/2021\/04\/2019_Pressebild_Gluehwein-Fahrtag_Stefan_Hanke-150x150.jpg\" alt=\"\" width=\"150\" height=\"150\" \/><\/a>Die Sammlung des Frankfurter Feldbahnmuseums umfasst zurzeit 20 Dampflokomotiven, 36 Diesellokomotiven, 4 Benzol-\/Benzinlokomotiven, 2 Akkulokomotiven, zwei Elektrolokomotiven, eine Druckluftlokomotive, 4 Schienenfahrr\u00e4der und eine Handhebeldraisine sowie etwa 200 Wagen aller Art. Zus\u00e4tzlich k\u00f6nnen wir Ihnen die feldbahntypische Infrastruktur zeigen und vorf\u00fchren. An den Betriebstagen ist meist eine Dampflokomotive im Einsatz. Sie k\u00f6nnen in unseren historischen Z\u00fcgen durch den Rebstockpark fahren und die Welt der Feldbahn erleben. Zudem pr\u00e4sentieren wir wechselnde Ausstellungen mit historischen Fotos und Dokumenten aus unserem umfangreichen Archiv.<\/p>\r\n<h3>Kontakt:<\/h3>\r\n<!-- \/wp:post-content -->\r\n\r\n<!-- wp:paragraph -->\r\n<p style=\"padding-left: 40px;\"><i class=\"dashicons dashicons-email\"><\/i> <a href=\"mailto:ffmev@feldbahn-ffm.de\">ffmev@feldbahn-ffm.de<\/a><\/p>\r\n<!-- \/wp:paragraph -->\r\n\r\n<!-- wp:paragraph -->\r\n<p style=\"padding-left: 40px;\"><i class=\"dashicons dashicons-admin-site-alt3\"><\/i> <a href=\"http:\/\/www.feldbahn-ffm.de\" target=\"_blank\" rel=\"noopener\" data-type=\"URL\" data-id=\"https:\/\/www.feldbahn-ffm.de\">feldbahn-ffm.de<\/a><\/p>\r\n<p style=\"padding-left: 40px;\"><i class=\"dashicons dashicons-phone\"><\/i> 069\/70 92 92<\/p>\r\n<!-- \/wp:paragraph -->\r\n\r\n<!-- wp:paragraph -->\r\n<p style=\"padding-left: 40px;\"><i class=\"dashicons dashicons-facebook\"><\/i> <a href=\"https:\/\/www.facebook.com\/Frankfurter-Feldbahnmuseum-163538163661000\" target=\"_blank\" rel=\"noopener\">Frankfurter Feldbahn auf Facebook<\/a><\/p>\r\n<h3>Adresse<\/h3>\r\n<p style=\"padding-left: 40px;\">Frankfurter Feldbahnmuseum e.V.<\/p>\r\n<p style=\"padding-left: 40px;\">Am R\u00f6merhof 15f<\/p>\r\n<p style=\"padding-left: 40px;\">60486\u00a0Frankfurt am Main<\/p>","protected":false},"excerpt":{"rendered":"<p>Die Sammlung des Frankfurter Feldbahnmuseums umfasst zurzeit 20 Dampflokomotiven, 36 Diesellokomotiven, 4 Benzol-\/Benzinlokomotiven, 2 Akkulokomotiven, zwei Elektrolokomotiven, eine Druckluftlokomotive, 4<\/p>\n","protected":false},"author":2,"featured_media":0,"parent":52,"menu_order":0,"comment_status":"closed","ping_status":"closed","template":"","meta":{"colormag_page_container_layout":"default_layout","colormag_page_sidebar_layout":"default_layout","footnotes":""},"class_list":["post-125","page","type-page","status-publish","hentry"],"_links":{"self":[{"href":"https:\/\/www.efrm.info\/efrm\/wp-json\/wp\/v2\/pages\/125","targetHints":{"allow":["GET"]}}],"collection":[{"href":"https:\/\/www.efrm.info\/efrm\/wp-json\/wp\/v2\/pages"}],"about":[{"href":"https:\/\/www.efrm.info\/efrm\/wp-json\/wp\/v2\/types\/page"}],"author":[{"embeddable":true,"href":"https:\/\/www.efrm.info\/efrm\/wp-json\/wp\/v2\/users\/2"}],"replies":[{"embeddable":true,"href":"https:\/\/www.efrm.info\/efrm\/wp-json\/wp\/v2\/comments?post=125"}],"version-history":[{"count":12,"href":"https:\/\/www.efrm.info\/efrm\/wp-json\/wp\/v2\/pages\/125\/revisions"}],"predecessor-version":[{"id":321,"href":"https:\/\/www.efrm.info\/efrm\/wp-json\/wp\/v2\/pages\/125\/revisions\/321"}],"up":[{"embeddable":true,"href":"https:\/\/www.efrm.info\/efrm\/wp-json\/wp\/v2\/pages\/52"}],"wp:attachment":[{"href":"https:\/\/www.efrm.info\/efrm\/wp-json\/wp\/v2\/media?parent=125"}],"curies":[{"name":"wp","href":"https:\/\/api.w.org\/{rel}","templated":true}]}}