{"id":147,"date":"2021-04-27T22:45:54","date_gmt":"2021-04-27T20:45:54","guid":{"rendered":"https:\/\/www.efrm.info\/efrm\/?page_id=147"},"modified":"2021-07-05T21:47:31","modified_gmt":"2021-07-05T19:47:31","slug":"interessengemeinschaft-eisenbahn-bad-homburg-e-v","status":"publish","type":"page","link":"https:\/\/www.efrm.info\/efrm\/modelleisenbahn-clubs\/interessengemeinschaft-eisenbahn-bad-homburg-e-v\/","title":{"rendered":"Interessengemeinschaft Eisenbahn Bad Homburg e.V."},"content":{"rendered":"<p><a href=\"https:\/\/www.efrm.info\/efrm\/wp-content\/uploads\/2021\/04\/ige-1.jpg\"><img loading=\"lazy\" decoding=\"async\" class=\"alignleft size-thumbnail wp-image-152\" src=\"https:\/\/www.efrm.info\/efrm\/wp-content\/uploads\/2021\/04\/ige-1-150x150.jpg\" alt=\"\" width=\"150\" height=\"150\" \/><\/a> <a href=\"https:\/\/www.efrm.info\/efrm\/wp-content\/uploads\/2021\/04\/ige-2.jpg\"><img loading=\"lazy\" decoding=\"async\" class=\"alignleft size-thumbnail wp-image-151\" src=\"https:\/\/www.efrm.info\/efrm\/wp-content\/uploads\/2021\/04\/ige-2-150x150.jpg\" alt=\"\" width=\"150\" height=\"150\" \/><\/a>Sammlung von Pl\u00e4nen und Fotos des Schienenverkehrs und Nachbau im Modell. So sind bisher entstanden: &#8211; das K\u00f6pperner Tal mit den Bahnh\u00f6fen K\u00f6ppern und Saalburg, sowie das Quarzitwerk. &#8211; Die Bahnh\u00f6fe Friedrichsdorf und Seulberg &#8211; die Stra\u00dfenbahn in der oberen Louisenstra\u00dfe, sowie die Endstation auf der Saalburg, der heutige Bahnhof mit der damaligen Stra\u00dfenbahnendhaltestelle &#8211; der alte Homburger Bahnhof von 1860.<\/p>\n<h3 style=\"clear: both;\">Kontakt<\/h3>\n<p style=\"padding-left: 40px;\"><i class=\"dashicons dashicons-email\"><\/i> <a href=\"mailto:info-ige@ige-hg.de\">info-ige@ige-hg.de<\/a><\/p>\n<p style=\"padding-left: 40px;\"><i class=\"dashicons dashicons-admin-site-alt3\"><\/i>\u00a0<a href=\"https:\/\/www.ige-hg.de\" target=\"_blank\" rel=\"noopener\">ige-hg.de<\/a><\/p>\n<h3>Adresse<\/h3>\n<p style=\"padding-left: 40px;\">Interessengemeinschaft Eisenbahn Bad Homburg e.V.<\/p>\n<p style=\"padding-left: 40px;\">Am Kitzenhof 4<\/p>\n<p style=\"padding-left: 40px;\">61352 Bad Homburg<\/p>\n","protected":false},"excerpt":{"rendered":"<p>Sammlung von Pl\u00e4nen und Fotos des Schienenverkehrs und Nachbau im Modell. So sind bisher entstanden: &#8211; das K\u00f6pperner Tal mit<\/p>\n","protected":false},"author":2,"featured_media":0,"parent":8,"menu_order":0,"comment_status":"closed","ping_status":"closed","template":"","meta":{"colormag_page_container_layout":"default_layout","colormag_page_sidebar_layout":"default_layout","footnotes":""},"class_list":["post-147","page","type-page","status-publish","hentry"],"_links":{"self":[{"href":"https:\/\/www.efrm.info\/efrm\/wp-json\/wp\/v2\/pages\/147","targetHints":{"allow":["GET"]}}],"collection":[{"href":"https:\/\/www.efrm.info\/efrm\/wp-json\/wp\/v2\/pages"}],"about":[{"href":"https:\/\/www.efrm.info\/efrm\/wp-json\/wp\/v2\/types\/page"}],"author":[{"embeddable":true,"href":"https:\/\/www.efrm.info\/efrm\/wp-json\/wp\/v2\/users\/2"}],"replies":[{"embeddable":true,"href":"https:\/\/www.efrm.info\/efrm\/wp-json\/wp\/v2\/comments?post=147"}],"version-history":[{"count":15,"href":"https:\/\/www.efrm.info\/efrm\/wp-json\/wp\/v2\/pages\/147\/revisions"}],"predecessor-version":[{"id":486,"href":"https:\/\/www.efrm.info\/efrm\/wp-json\/wp\/v2\/pages\/147\/revisions\/486"}],"up":[{"embeddable":true,"href":"https:\/\/www.efrm.info\/efrm\/wp-json\/wp\/v2\/pages\/8"}],"wp:attachment":[{"href":"https:\/\/www.efrm.info\/efrm\/wp-json\/wp\/v2\/media?parent=147"}],"curies":[{"name":"wp","href":"https:\/\/api.w.org\/{rel}","templated":true}]}}