{"id":171,"date":"2021-04-28T00:03:55","date_gmt":"2021-04-27T22:03:55","guid":{"rendered":"https:\/\/www.efrm.info\/efrm\/?page_id=171"},"modified":"2021-07-05T21:29:22","modified_gmt":"2021-07-05T19:29:22","slug":"171-2","status":"publish","type":"page","link":"https:\/\/www.efrm.info\/efrm\/eisenbahnvereine_und_maschinen\/171-2\/","title":{"rendered":"F\u00f6rderverein Dampfmaschinenmuseum e.V."},"content":{"rendered":"<p><a href=\"https:\/\/www.efrm.info\/efrm\/wp-content\/uploads\/2021\/04\/FDM_Neue-Seile-Aug.-2017-20-scaled.jpg\"><img loading=\"lazy\" decoding=\"async\" class=\"alignleft size-thumbnail wp-image-170\" src=\"https:\/\/www.efrm.info\/efrm\/wp-content\/uploads\/2021\/04\/FDM_Neue-Seile-Aug.-2017-20-150x150.jpg\" alt=\"\" width=\"150\" height=\"150\" \/><\/a> <a href=\"https:\/\/www.efrm.info\/efrm\/wp-content\/uploads\/2021\/04\/FDM_Ohl-Walze-2014-in-Grossauheim-scaled.jpg\"><img loading=\"lazy\" decoding=\"async\" class=\"alignleft size-thumbnail wp-image-169\" src=\"https:\/\/www.efrm.info\/efrm\/wp-content\/uploads\/2021\/04\/FDM_Ohl-Walze-2014-in-Grossauheim-150x150.jpg\" alt=\"\" width=\"150\" height=\"150\" \/><\/a> <a href=\"https:\/\/www.efrm.info\/efrm\/wp-content\/uploads\/2021\/04\/FDM_Fowler-mit-Langholzwagen-Okt.-2017-im-Museum-GA-1-scaled.jpg\"><img loading=\"lazy\" decoding=\"async\" class=\"alignleft size-thumbnail wp-image-168\" src=\"https:\/\/www.efrm.info\/efrm\/wp-content\/uploads\/2021\/04\/FDM_Fowler-mit-Langholzwagen-Okt.-2017-im-Museum-GA-1-150x150.jpg\" alt=\"\" width=\"150\" height=\"150\" \/><\/a>Das Auststellungsgel\u00e4nde ist unterteilt in verschiedene Themenbereiche wie Stra\u00dfenbau, Schifffahrt, Feldbahn, Kessel,station\u00e4re Anlagen etc. Die Maschinen k\u00f6nnen f\u00fcr Veranstaltungen gemietet werden &#8211; viele Maschinen sind transportabel.Das Gel\u00e4nde kann nur mit Voranmeldung besichtigt werden und steht au\u00dferdem f\u00fcr Feierlichkeiten zur Verf\u00fcgung.F\u00fchrungen mit Dampfbetrieb k\u00f6nnen, auch mit gastronomischem Angebot, gebucht werden.<\/p>\n<h3>Kontakt<\/h3>\n<p style=\"padding-left: 40px;\"><i class=\"dashicons dashicons-email\"><\/i> <a href=\"mailto:info@fdm-hanau.de\">info@fdm-hanau.de<\/a><\/p>\n<p style=\"padding-left: 40px;\"><i class=\"dashicons dashicons-admin-site-alt3\"><\/i> <a href=\"http:\/\/www.fdm-hanau.de\">www.fdm-hanau.de<\/a><\/p>\n<p style=\"padding-left: 40px;\"><i class=\"dashicons dashicons-phone\"><\/i> 06181 574379<\/p>\n<h3>Adresse<\/h3>\n<p style=\"padding-left: 40px;\">F\u00f6rderverein Dampfmaschinenmuseum e.V.<\/p>\n<p style=\"padding-left: 40px;\">Pfortenwingert 4<\/p>\n<p style=\"padding-left: 40px;\">63457 Hanau<\/p>\n","protected":false},"excerpt":{"rendered":"<p>Das Auststellungsgel\u00e4nde ist unterteilt in verschiedene Themenbereiche wie Stra\u00dfenbau, Schifffahrt, Feldbahn, Kessel,station\u00e4re Anlagen etc. Die Maschinen k\u00f6nnen f\u00fcr Veranstaltungen gemietet<\/p>\n","protected":false},"author":2,"featured_media":0,"parent":52,"menu_order":0,"comment_status":"closed","ping_status":"closed","template":"","meta":{"colormag_page_container_layout":"default_layout","colormag_page_sidebar_layout":"default_layout","footnotes":""},"class_list":["post-171","page","type-page","status-publish","hentry"],"_links":{"self":[{"href":"https:\/\/www.efrm.info\/efrm\/wp-json\/wp\/v2\/pages\/171","targetHints":{"allow":["GET"]}}],"collection":[{"href":"https:\/\/www.efrm.info\/efrm\/wp-json\/wp\/v2\/pages"}],"about":[{"href":"https:\/\/www.efrm.info\/efrm\/wp-json\/wp\/v2\/types\/page"}],"author":[{"embeddable":true,"href":"https:\/\/www.efrm.info\/efrm\/wp-json\/wp\/v2\/users\/2"}],"replies":[{"embeddable":true,"href":"https:\/\/www.efrm.info\/efrm\/wp-json\/wp\/v2\/comments?post=171"}],"version-history":[{"count":7,"href":"https:\/\/www.efrm.info\/efrm\/wp-json\/wp\/v2\/pages\/171\/revisions"}],"predecessor-version":[{"id":319,"href":"https:\/\/www.efrm.info\/efrm\/wp-json\/wp\/v2\/pages\/171\/revisions\/319"}],"up":[{"embeddable":true,"href":"https:\/\/www.efrm.info\/efrm\/wp-json\/wp\/v2\/pages\/52"}],"wp:attachment":[{"href":"https:\/\/www.efrm.info\/efrm\/wp-json\/wp\/v2\/media?parent=171"}],"curies":[{"name":"wp","href":"https:\/\/api.w.org\/{rel}","templated":true}]}}