{"id":181,"date":"2021-04-28T00:28:58","date_gmt":"2021-04-27T22:28:58","guid":{"rendered":"https:\/\/www.efrm.info\/efrm\/?page_id=181"},"modified":"2021-07-05T21:42:18","modified_gmt":"2021-07-05T19:42:18","slug":"historische-strassenbahn-der-stadt-frankfurt-am-main-e-v","status":"publish","type":"page","link":"https:\/\/www.efrm.info\/efrm\/eisenbahnvereine_und_maschinen\/historische-strassenbahn-der-stadt-frankfurt-am-main-e-v\/","title":{"rendered":"Historische Stra\u00dfenbahn der Stadt  Frankfurt am Main e.V"},"content":{"rendered":"<p><a href=\"https:\/\/www.efrm.info\/efrm\/wp-content\/uploads\/2021\/04\/HSF-FTW-und-BW-vor-Museum-BH.jpeg\"><img loading=\"lazy\" decoding=\"async\" class=\"alignleft size-thumbnail wp-image-186\" src=\"https:\/\/www.efrm.info\/efrm\/wp-content\/uploads\/2021\/04\/HSF-FTW-und-BW-vor-Museum-BH-150x150.jpeg\" alt=\"\" width=\"150\" height=\"150\" \/><\/a> <a href=\"https:\/\/www.efrm.info\/efrm\/wp-content\/uploads\/2021\/04\/HSF-Bus-O305-BH.jpeg\"><img loading=\"lazy\" decoding=\"async\" class=\"alignleft size-thumbnail wp-image-185\" src=\"https:\/\/www.efrm.info\/efrm\/wp-content\/uploads\/2021\/04\/HSF-Bus-O305-BH-150x150.jpeg\" alt=\"\" width=\"150\" height=\"150\" \/><\/a> <a href=\"https:\/\/www.efrm.info\/efrm\/wp-content\/uploads\/2021\/04\/HSF-Stadtbahnen-U12345Ptb-BH.jpeg\"><img loading=\"lazy\" decoding=\"async\" class=\"alignleft size-thumbnail wp-image-184\" src=\"https:\/\/www.efrm.info\/efrm\/wp-content\/uploads\/2021\/04\/HSF-Stadtbahnen-U12345Ptb-BH-150x150.jpeg\" alt=\"\" width=\"150\" height=\"150\" \/><\/a>Das Verkehrsmuseum Frankfurt am Main ist mit seinen \u00fcber 2 Dutzend Original Fahrzeugen aus allen Epochen der Frankfurter Stra\u00dfenbahngeschichte in der Dauerausstellung ,,Von der Pferdebahn bis zur Neuzeit\u201c ein Muss f\u00fcr jeden Stra\u00dfenbahnliebhaber! Auch 4 Historische Omnibusse beherbergt das Verkehrsmuseum, wovon einer als fahrf\u00e4higes Exemplar erhalten ist und bei verschiedenen Veranstaltungen pr\u00e4sentiert wird. An Sonn- und Feiertagen k\u00f6nnen Besucher das Museum von 10 bis 17 Uhr in Schwanheim an der Haltestelle Rheinlandstra\u00dfe besuchen. Auch kleine F\u00fchrungen durch die Hallen des Museums, werden von sachkundigen Vereinsmitgliedern der Historischen Stra\u00dfenbahn Frankfurt am Main e.V. durchgef\u00fchrt. Also steigen sie ein, wir freuen uns auf Sie!<\/p>\n<h3>Kontakt<\/h3>\n<p style=\"padding-left: 40px;\"><i class=\"dashicons dashicons-email\"><\/i> <a href=\"mailto:mail@hsf-ffm.de\">mail@hsf-ffm.de<\/a><\/p>\n<p style=\"padding-left: 40px;\"><i class=\"dashicons dashicons-admin-site-alt3\"><\/i> <a href=\"https:\/\/hsf-ffm.net\/\" target=\"_blank\" rel=\"noopener\">hsf-ffm.net<\/a><\/p>\n<p style=\"padding-left: 40px;\"><i class=\"dashicons dashicons-phone\"><\/i> 069 \/ 12 13 23 131<\/p>\n<h3>Adresse<\/h3>\n<p style=\"padding-left: 40px;\">Historische Stra\u00dfenbahn der Stadt Frankfurt am Main e.V<\/p>\n<p style=\"padding-left: 40px;\">Schwabstra\u00dfe 18, Betriebshof Eckenheim im Hause VGF<\/p>\n<p style=\"padding-left: 40px;\">60276 Frankfurt am Main<\/p>\n","protected":false},"excerpt":{"rendered":"<p>Das Verkehrsmuseum Frankfurt am Main ist mit seinen \u00fcber 2 Dutzend Original Fahrzeugen aus allen Epochen der Frankfurter Stra\u00dfenbahngeschichte in<\/p>\n","protected":false},"author":2,"featured_media":0,"parent":52,"menu_order":0,"comment_status":"closed","ping_status":"closed","template":"","meta":{"colormag_page_container_layout":"default_layout","colormag_page_sidebar_layout":"default_layout","footnotes":""},"class_list":["post-181","page","type-page","status-publish","hentry"],"_links":{"self":[{"href":"https:\/\/www.efrm.info\/efrm\/wp-json\/wp\/v2\/pages\/181","targetHints":{"allow":["GET"]}}],"collection":[{"href":"https:\/\/www.efrm.info\/efrm\/wp-json\/wp\/v2\/pages"}],"about":[{"href":"https:\/\/www.efrm.info\/efrm\/wp-json\/wp\/v2\/types\/page"}],"author":[{"embeddable":true,"href":"https:\/\/www.efrm.info\/efrm\/wp-json\/wp\/v2\/users\/2"}],"replies":[{"embeddable":true,"href":"https:\/\/www.efrm.info\/efrm\/wp-json\/wp\/v2\/comments?post=181"}],"version-history":[{"count":10,"href":"https:\/\/www.efrm.info\/efrm\/wp-json\/wp\/v2\/pages\/181\/revisions"}],"predecessor-version":[{"id":325,"href":"https:\/\/www.efrm.info\/efrm\/wp-json\/wp\/v2\/pages\/181\/revisions\/325"}],"up":[{"embeddable":true,"href":"https:\/\/www.efrm.info\/efrm\/wp-json\/wp\/v2\/pages\/52"}],"wp:attachment":[{"href":"https:\/\/www.efrm.info\/efrm\/wp-json\/wp\/v2\/media?parent=181"}],"curies":[{"name":"wp","href":"https:\/\/api.w.org\/{rel}","templated":true}]}}