{"id":204,"date":"2021-04-28T01:18:54","date_gmt":"2021-04-27T23:18:54","guid":{"rendered":"https:\/\/www.efrm.info\/efrm\/?page_id=204"},"modified":"2021-07-05T21:45:28","modified_gmt":"2021-07-05T19:45:28","slug":"pro-bahn-regionalverband-grossraum-frankfurt-e-v","status":"publish","type":"page","link":"https:\/\/www.efrm.info\/efrm\/geschichte-und-gegenwart\/pro-bahn-regionalverband-grossraum-frankfurt-e-v\/","title":{"rendered":"PRO BAHN Regionalverband Gro\u00dfraum Frankfurt e.V."},"content":{"rendered":"<p><a href=\"https:\/\/www.efrm.info\/efrm\/wp-content\/uploads\/2021\/04\/PB-F_Titelseite-3.-Auflage.jpg\"><img loading=\"lazy\" decoding=\"async\" class=\"alignleft size-thumbnail wp-image-208\" src=\"https:\/\/www.efrm.info\/efrm\/wp-content\/uploads\/2021\/04\/PB-F_Titelseite-3.-Auflage-150x150.jpg\" alt=\"\" width=\"150\" height=\"150\" \/><\/a> <a href=\"https:\/\/www.efrm.info\/efrm\/wp-content\/uploads\/2021\/04\/PB-F_TITELBILD25Jahre.jpg\"><img loading=\"lazy\" decoding=\"async\" class=\"alignleft size-thumbnail wp-image-207\" src=\"https:\/\/www.efrm.info\/efrm\/wp-content\/uploads\/2021\/04\/PB-F_TITELBILD25Jahre-150x150.jpg\" alt=\"\" width=\"150\" height=\"150\" \/><\/a>Der Fahrgastverband PRO BAHN vertritt die Interessen der Fahrg\u00e4ste gegen\u00fcber Verkehrsunternehmen, Verwaltungen und Politikern. PRO BAHN hat in vielen Gebieten Hessens neue Angebote im \u00f6ffentlichen Verkehr (z.B. Sp\u00e4tverkehre, Wochenendangebote, Linien\u00e4nderungen, Taktanpassungen, Tarif\u00e4nderungen, Angebote f\u00fcr Senioren und Sch\u00fcler) angesto\u00dfen, verbesserte Anschl\u00fcsse eingefordert, den Erhalt von Bahnlinien gef\u00f6rdert, den integralen Taktverkehr auf der Schiene miterfunden. PRO BAHN erarbeitet Verkehrskonzepte, wirkt in offiziellen Gremien, wie Fahrgastbeir\u00e4ten mit, sensibilisiert Politiker und Verwaltungen f\u00fcr den \u00d6V, beeinflusst die \u00f6ffentliche Diskussion in den Medien, h\u00e4lt Vortr\u00e4ge und veranstaltet Seminare, gibt Fahrgastinformationen (Taschenfahrpl\u00e4ne, Fahrradf\u00fchrer, Biergartenf\u00fchrer, Spartipps) heraus und ber\u00e4t Fahrg\u00e4ste im allt\u00e4glichen Umgang mit dem \u00d6V (Fahrgastsprechstunden, Automatenschulungen).<\/p>\n<h3>Kontakt<\/h3>\n<p style=\"padding-left: 40px;\"><i class=\"dashicons dashicons-email\"><\/i> <a href=\"mailto:frankfurt@pro-bahn-hessen.de\">frankfurt@pro-bahn-hessen.de<\/a><\/p>\n<p style=\"padding-left: 40px;\"><i class=\"dashicons dashicons-admin-site-alt3\"><\/i> <a href=\"http:\/\/www.pro-bahn-frankfurt.de\/\" target=\"_blank\" rel=\"noopener\">pro-bahn-frankfurt.de<\/a><\/p>\n<p style=\"padding-left: 40px;\"><i class=\"dashicons dashicons-phone\"><\/i> 069 \/ 244372257<\/p>\n<h3>Postanschrift<\/h3>\n<p style=\"padding-left: 40px;\">PRO BAHN Regionalverband Gro\u00dfraum Frankfurt e.V.<\/p>\n<p style=\"padding-left: 40px;\">Postfach 11 14 16<\/p>\n<p style=\"padding-left: 40px;\">60049 Frankfurt am Main<\/p>\n","protected":false},"excerpt":{"rendered":"<p>Der Fahrgastverband PRO BAHN vertritt die Interessen der Fahrg\u00e4ste gegen\u00fcber Verkehrsunternehmen, Verwaltungen und Politikern. PRO BAHN hat in vielen Gebieten<\/p>\n","protected":false},"author":2,"featured_media":0,"parent":193,"menu_order":0,"comment_status":"closed","ping_status":"closed","template":"","meta":{"colormag_page_container_layout":"default_layout","colormag_page_sidebar_layout":"default_layout","footnotes":""},"class_list":["post-204","page","type-page","status-publish","hentry"],"_links":{"self":[{"href":"https:\/\/www.efrm.info\/efrm\/wp-json\/wp\/v2\/pages\/204","targetHints":{"allow":["GET"]}}],"collection":[{"href":"https:\/\/www.efrm.info\/efrm\/wp-json\/wp\/v2\/pages"}],"about":[{"href":"https:\/\/www.efrm.info\/efrm\/wp-json\/wp\/v2\/types\/page"}],"author":[{"embeddable":true,"href":"https:\/\/www.efrm.info\/efrm\/wp-json\/wp\/v2\/users\/2"}],"replies":[{"embeddable":true,"href":"https:\/\/www.efrm.info\/efrm\/wp-json\/wp\/v2\/comments?post=204"}],"version-history":[{"count":7,"href":"https:\/\/www.efrm.info\/efrm\/wp-json\/wp\/v2\/pages\/204\/revisions"}],"predecessor-version":[{"id":331,"href":"https:\/\/www.efrm.info\/efrm\/wp-json\/wp\/v2\/pages\/204\/revisions\/331"}],"up":[{"embeddable":true,"href":"https:\/\/www.efrm.info\/efrm\/wp-json\/wp\/v2\/pages\/193"}],"wp:attachment":[{"href":"https:\/\/www.efrm.info\/efrm\/wp-json\/wp\/v2\/media?parent=204"}],"curies":[{"name":"wp","href":"https:\/\/api.w.org\/{rel}","templated":true}]}}