{"id":231,"date":"2021-04-28T15:18:58","date_gmt":"2021-04-28T13:18:58","guid":{"rendered":"https:\/\/www.efrm.info\/efrm\/?page_id=231"},"modified":"2021-07-05T21:44:00","modified_gmt":"2021-07-05T19:44:00","slug":"verein-furka-bergstrecke-sektion-rhein-main-e-v","status":"publish","type":"page","link":"https:\/\/www.efrm.info\/efrm\/eisenbahnvereine_und_maschinen\/verein-furka-bergstrecke-sektion-rhein-main-e-v\/","title":{"rendered":"Verein  Furka-Bergstrecke Sektion Rhein-Main e.V."},"content":{"rendered":"<p><a href=\"https:\/\/www.efrm.info\/efrm\/wp-content\/uploads\/2021\/04\/Wackern-yy.jpg\"><img loading=\"lazy\" decoding=\"async\" class=\"alignleft size-thumbnail wp-image-234\" src=\"https:\/\/www.efrm.info\/efrm\/wp-content\/uploads\/2021\/04\/Wackern-yy-150x150.jpg\" alt=\"\" width=\"150\" height=\"150\" \/><\/a><a href=\"https:\/\/www.efrm.info\/efrm\/wp-content\/uploads\/2021\/04\/Furka2-EFRM_FM-scaled.jpg\"><img loading=\"lazy\" decoding=\"async\" class=\"alignleft size-thumbnail wp-image-235\" src=\"https:\/\/www.efrm.info\/efrm\/wp-content\/uploads\/2021\/04\/Furka2-EFRM_FM-150x150.jpg\" alt=\"\" width=\"150\" height=\"150\" \/><\/a><a href=\"https:\/\/www.efrm.info\/efrm\/wp-content\/uploads\/2021\/04\/54-HG-2019-web.jpg\"><img loading=\"lazy\" decoding=\"async\" class=\"alignleft size-thumbnail wp-image-236\" src=\"https:\/\/www.efrm.info\/efrm\/wp-content\/uploads\/2021\/04\/54-HG-2019-web-150x150.jpg\" alt=\"\" width=\"150\" height=\"150\" \/><\/a>Der Verein Furka-Bergstreck f\u00f6rdert den Wiederaufbau und den Erhalt der historischen Furka-Bergstrecke in der Schweiz als &#8222;technisches Kulturgut&#8220;. Aufgrund dieser Tatsache wurde die Sektion Rhein-Main e. V. vom Finanzamt als gemeinn\u00fctzig anerkannt. Ihre Spende auf das Sektionskonto ist daher in Deutschland steuerlich abzugsf\u00e4hig.<br \/>\nAls eine von 9 deutschen Sektionen des Vereins Furka-Bergstrecke machen wir die &#8222;Furka Dampfbahn&#8220; in Deutschland bekannt , durch Informationsveranstaltungen und Spendensammlungen. Wir leisten aber auch Mitarbeit durch freiwillige Arbeitseins\u00e4tze vor Ort ( daf\u00fcr hat sich der Ausdruck &#8222;Fronarbeit&#8220; eingeb\u00fcrgert). Regelm\u00e4\u00dfig sind Mitglieder unserer Sektion in der 23., 24. und 25. Kalenderwoche an der Furka. In diesen Bauwochen wird haupts\u00e4chlich an der Infrastruktur (Gleise, St\u00fctzmauern, Wasserdurchl\u00e4sse etc.) gearbeitet, drau\u00dfen an der Strecke auf 2000m mit Blick auf die schweizer Bergwelt. Der Einsatz erfolgt entsprechend Fitness und pers\u00f6nlichem Interesse. Die Bauleitung hat die DFB AG, sie hat die Konzession als Eisenbahnverkehrsunternehmen. Eine Besonderheit unserer Dampfbahn ist die Saisonalit\u00e4t: die Schneeverh\u00e4ltnisse lassen einen Betrieb nur zwischen Ende Juni und Anfang Oktober zu (24.6. bis 3.10.). Seit 1992 f\u00e4hrt die Dampfbahn Furka Bergstrecke fahrplanm\u00e4\u00dfig, zun\u00e4chst nur auf einem Teilst\u00fcck, seit 1993 bis zur Passstation Furka auf 2160m. Im Jahr 1998 erreicht ein erster Zug den Ort Gletsch und ab 2010 wird die gesamte 18km lange Bergstrecke mit historischen Loks und Wagenmaterial befahren.<br \/>\nLernen Sie unsere Bergstrecke kennen: besuchen Sie unsere <a href=\"https:\/\/www.furka-rhein-main.de\">Webseite<\/a>\u00a0 oder fahren Sie gleich an die Furka und lassen sich begeistern.<\/p>\n<p>Die Vereinsmitglieder der Sektion Rhein-Main treffen sich monatlich, bzw 2-monatlich am 3. Freitag des Monats zum Stammtisch in Frankfurt Unterliederbach, Wartburgstr 4 in der Gastst\u00e4tte &#8222;Zur Alten Scheune&#8220;. Termine auf unserer Homepage. G\u00e4ste und Interessenten sind herzlich willkommen.<\/p>\n<h3>Kontakt<\/h3>\n<p style=\"padding-left: 40px;\"><i class=\"dashicons dashicons-email\"><\/i> <a href=\"mailto:info@furka-rhein-main.de\">info@furka-rhein-main.de<\/a><\/p>\n<p style=\"padding-left: 40px;\"><i class=\"dashicons dashicons-admin-site-alt3\"><\/i> <a href=\"https:\/\/www.furka-rhein-main.de\" target=\"_blank\" rel=\"noopener\">furka-rhein-main.de<\/a><\/p>\n<p style=\"padding-left: 40px;\"><i class=\"dashicons dashicons-phone\"><\/i> 06192\/8825<\/p>\n<h3>Adresse<\/h3>\n<p style=\"padding-left: 40px;\">Verein Furka-Bergstrecke Sektion Rhein-Main e.V.<\/p>\n<p style=\"padding-left: 40px;\">Kreuzweg 7<\/p>\n<p style=\"padding-left: 40px;\">65719 Hofheim a. Ts.<\/p>\n<p>&nbsp;<\/p>\n","protected":false},"excerpt":{"rendered":"<p>Der Verein Furka-Bergstreck f\u00f6rdert den Wiederaufbau und den Erhalt der historischen Furka-Bergstrecke in der Schweiz als &#8222;technisches Kulturgut&#8220;. Aufgrund dieser<\/p>\n","protected":false},"author":2,"featured_media":0,"parent":52,"menu_order":0,"comment_status":"closed","ping_status":"closed","template":"","meta":{"colormag_page_container_layout":"default_layout","colormag_page_sidebar_layout":"default_layout","footnotes":""},"class_list":["post-231","page","type-page","status-publish","hentry"],"_links":{"self":[{"href":"https:\/\/www.efrm.info\/efrm\/wp-json\/wp\/v2\/pages\/231","targetHints":{"allow":["GET"]}}],"collection":[{"href":"https:\/\/www.efrm.info\/efrm\/wp-json\/wp\/v2\/pages"}],"about":[{"href":"https:\/\/www.efrm.info\/efrm\/wp-json\/wp\/v2\/types\/page"}],"author":[{"embeddable":true,"href":"https:\/\/www.efrm.info\/efrm\/wp-json\/wp\/v2\/users\/2"}],"replies":[{"embeddable":true,"href":"https:\/\/www.efrm.info\/efrm\/wp-json\/wp\/v2\/comments?post=231"}],"version-history":[{"count":6,"href":"https:\/\/www.efrm.info\/efrm\/wp-json\/wp\/v2\/pages\/231\/revisions"}],"predecessor-version":[{"id":328,"href":"https:\/\/www.efrm.info\/efrm\/wp-json\/wp\/v2\/pages\/231\/revisions\/328"}],"up":[{"embeddable":true,"href":"https:\/\/www.efrm.info\/efrm\/wp-json\/wp\/v2\/pages\/52"}],"wp:attachment":[{"href":"https:\/\/www.efrm.info\/efrm\/wp-json\/wp\/v2\/media?parent=231"}],"curies":[{"name":"wp","href":"https:\/\/api.w.org\/{rel}","templated":true}]}}