{"id":276,"date":"2021-07-04T00:56:17","date_gmt":"2021-07-03T22:56:17","guid":{"rendered":"https:\/\/www.efrm.info\/efrm\/?page_id=276"},"modified":"2021-07-05T21:46:11","modified_gmt":"2021-07-05T19:46:11","slug":"dampfbahnclub-taunus-e-v","status":"publish","type":"page","link":"https:\/\/www.efrm.info\/efrm\/modelleisenbahn-clubs\/dampfbahnclub-taunus-e-v\/","title":{"rendered":"Dampfbahnclub Taunus e.V."},"content":{"rendered":"<p><a href=\"https:\/\/www.efrm.info\/efrm\/wp-content\/uploads\/2021\/07\/DBC_141055b2-f452-431d-aad5-51210a17b1c6.jpg\"><img loading=\"lazy\" decoding=\"async\" class=\"alignleft size-thumbnail wp-image-272\" src=\"https:\/\/www.efrm.info\/efrm\/wp-content\/uploads\/2021\/07\/DBC_141055b2-f452-431d-aad5-51210a17b1c6-150x150.jpg\" alt=\"\" width=\"150\" height=\"150\" \/><\/a>Als im Jahre 1977 eine kleine Gruppe von Dampfenthusiasten den Dampfbahnclub Taunus e. V. gr\u00fcndete, war uns allen noch nicht klar, wie viel Arbeit und M\u00fche auf das kleine H\u00e4ufchen von Unentwegten zukommen w\u00fcrde. Heute nach \u00fcber 40 Jahren emsigen Schaffens, k\u00f6nnen wir voller Stolz sagen, dass sich die viele Arbeit gelohnt hat.<br \/>\nAuf einer Fl\u00e4che von 6000 Quadratmetern wurde eine Dampfeisenbahn &#8211; Gartenanlage geschaffen, die siebenmal im Jahr am 2. Wochenende von April bis Oktober der \u00d6ffentlichkeit zug\u00e4nglich ist.<br \/>\nKommen Sie zu uns und genie\u00dfen Sie das nostalgische Flair von Dampf, \u00d6lgeruch und Kohlenstaub, bewundern Sie unsere kleinen technischen Wunderwerke, die die Erinnerung an vergangene Zeiten wieder erwecken und f\u00fchlen Sie sich auf unserer gepflegten Gartenanlage wohl!<\/p>\n<h3 style=\"clear: both;\">Kontakt<\/h3>\n<p style=\"padding-left: 40px;\"><i class=\"dashicons dashicons-email\"><\/i> <a href=\"info@dbc-taunus.de\">info@dbc-taunus.de<\/a><\/p>\n<p style=\"padding-left: 40px;\"><i class=\"dashicons dashicons-admin-site-alt3\"><\/i> <a href=\"http:\/\/www.dbc-taunus.de\" target=\"_blank\" rel=\"noopener\">dbc-taunus.de<\/a><\/p>\n<p style=\"padding-left: 40px;\"><i class=\"dashicons dashicons-phone\"><\/i> 0160 94746449<\/p>\n<h3>Adresse<\/h3>\n<p style=\"padding-left: 40px;\">Dampfbahnclub Taunus e.V.<\/p>\n<p style=\"padding-left: 40px;\">Mainstra\u00dfe 25<\/p>\n<p style=\"padding-left: 40px;\">61440 Oberursel<\/p>\n","protected":false},"excerpt":{"rendered":"<p>Als im Jahre 1977 eine kleine Gruppe von Dampfenthusiasten den Dampfbahnclub Taunus e. V. gr\u00fcndete, war uns allen noch nicht<\/p>\n","protected":false},"author":2,"featured_media":0,"parent":8,"menu_order":0,"comment_status":"closed","ping_status":"closed","template":"","meta":{"colormag_page_container_layout":"default_layout","colormag_page_sidebar_layout":"default_layout","footnotes":""},"class_list":["post-276","page","type-page","status-publish","hentry"],"_links":{"self":[{"href":"https:\/\/www.efrm.info\/efrm\/wp-json\/wp\/v2\/pages\/276","targetHints":{"allow":["GET"]}}],"collection":[{"href":"https:\/\/www.efrm.info\/efrm\/wp-json\/wp\/v2\/pages"}],"about":[{"href":"https:\/\/www.efrm.info\/efrm\/wp-json\/wp\/v2\/types\/page"}],"author":[{"embeddable":true,"href":"https:\/\/www.efrm.info\/efrm\/wp-json\/wp\/v2\/users\/2"}],"replies":[{"embeddable":true,"href":"https:\/\/www.efrm.info\/efrm\/wp-json\/wp\/v2\/comments?post=276"}],"version-history":[{"count":6,"href":"https:\/\/www.efrm.info\/efrm\/wp-json\/wp\/v2\/pages\/276\/revisions"}],"predecessor-version":[{"id":332,"href":"https:\/\/www.efrm.info\/efrm\/wp-json\/wp\/v2\/pages\/276\/revisions\/332"}],"up":[{"embeddable":true,"href":"https:\/\/www.efrm.info\/efrm\/wp-json\/wp\/v2\/pages\/8"}],"wp:attachment":[{"href":"https:\/\/www.efrm.info\/efrm\/wp-json\/wp\/v2\/media?parent=276"}],"curies":[{"name":"wp","href":"https:\/\/api.w.org\/{rel}","templated":true}]}}