{"id":367,"date":"2021-11-30T21:08:12","date_gmt":"2021-11-30T20:08:12","guid":{"rendered":"https:\/\/www.efrm.info\/efrm\/?page_id=367"},"modified":"2021-11-30T21:08:12","modified_gmt":"2021-11-30T20:08:12","slug":"eisenbahnfreunde-mainz-wiesbaden-e-v","status":"publish","type":"page","link":"https:\/\/www.efrm.info\/efrm\/geschichte-und-gegenwart\/eisenbahnfreunde-mainz-wiesbaden-e-v\/","title":{"rendered":"Eisenbahnfreunde Mainz-Wiesbaden e.V."},"content":{"rendered":"<p><a href=\"https:\/\/www.efrm.info\/efrm\/wp-content\/uploads\/2021\/11\/EFMW-logo.png\"><img loading=\"lazy\" decoding=\"async\" class=\"alignleft size-full wp-image-366\" src=\"https:\/\/www.efrm.info\/efrm\/wp-content\/uploads\/2021\/11\/EFMW-logo.png\" alt=\"Logo EFMW\" width=\"256\" height=\"294\" \/><\/a>Die Eisenbahnfreunde treffen sich jeden zweiten und vierten Mittwoch des Monats ab 19.00 Uhr im ehemaligen Bahnhof Wiesbaden Dotzheim. Der erste Termin dient Nahverkehrsthemen. Der zweite Termin ist der \u201egro\u00dfen\u201c Eisenbahn gewidmet. Au\u00dferdem wird jeweils einmal j\u00e4hrlich ein Modellbahn- und ein Modellstra\u00dfenbahntreffen veranstaltet.<\/p>\n<p>G\u00e4ste sind immer herzlich willkommen!<\/p>\n<h3 style=\"clear:both;\">Kontakt und Ansprechpartner<\/h3>\n<p>Ulrich Uplegger<\/p>\n<p>Matterhornstra\u00dfe 4<\/p>\n<p>65199 Wiesbaden<\/p>\n<p><i class=\"dashicons dashicons-email\"><\/i> <a href=\"mailto:uuplegger@freenet.de\">uuplegger@freenet.de<\/a><\/p>\n<p><i class=\"dashicons dashicons-phone\"><\/i> 0611\/374572<\/p>\n","protected":false},"excerpt":{"rendered":"<p>Die Eisenbahnfreunde treffen sich jeden zweiten und vierten Mittwoch des Monats ab 19.00 Uhr im ehemaligen Bahnhof Wiesbaden Dotzheim. Der<\/p>\n","protected":false},"author":2,"featured_media":0,"parent":193,"menu_order":0,"comment_status":"closed","ping_status":"closed","template":"","meta":{"colormag_page_container_layout":"default_layout","colormag_page_sidebar_layout":"default_layout","footnotes":""},"class_list":["post-367","page","type-page","status-publish","hentry"],"_links":{"self":[{"href":"https:\/\/www.efrm.info\/efrm\/wp-json\/wp\/v2\/pages\/367","targetHints":{"allow":["GET"]}}],"collection":[{"href":"https:\/\/www.efrm.info\/efrm\/wp-json\/wp\/v2\/pages"}],"about":[{"href":"https:\/\/www.efrm.info\/efrm\/wp-json\/wp\/v2\/types\/page"}],"author":[{"embeddable":true,"href":"https:\/\/www.efrm.info\/efrm\/wp-json\/wp\/v2\/users\/2"}],"replies":[{"embeddable":true,"href":"https:\/\/www.efrm.info\/efrm\/wp-json\/wp\/v2\/comments?post=367"}],"version-history":[{"count":2,"href":"https:\/\/www.efrm.info\/efrm\/wp-json\/wp\/v2\/pages\/367\/revisions"}],"predecessor-version":[{"id":369,"href":"https:\/\/www.efrm.info\/efrm\/wp-json\/wp\/v2\/pages\/367\/revisions\/369"}],"up":[{"embeddable":true,"href":"https:\/\/www.efrm.info\/efrm\/wp-json\/wp\/v2\/pages\/193"}],"wp:attachment":[{"href":"https:\/\/www.efrm.info\/efrm\/wp-json\/wp\/v2\/media?parent=367"}],"curies":[{"name":"wp","href":"https:\/\/api.w.org\/{rel}","templated":true}]}}