{"id":43,"date":"2021-04-26T01:10:14","date_gmt":"2021-04-25T23:10:14","guid":{"rendered":"https:\/\/www.efrm.info\/efrm\/?page_id=43"},"modified":"2021-07-05T21:40:46","modified_gmt":"2021-07-05T19:40:46","slug":"historische-eisenbahn-frankfurt-e-v","status":"publish","type":"page","link":"https:\/\/www.efrm.info\/efrm\/eisenbahnvereine_und_maschinen\/historische-eisenbahn-frankfurt-e-v\/","title":{"rendered":"Historische Eisenbahn Frankfurt e.V."},"content":{"rendered":"\r\n<p>Rollendes Eisenbahnmuseum auf Schienen und frei zug\u00e4ngliches Betriebsgel\u00e4nde<\/p>\r\n\r\n\r\n\r\n<p class=\"has-drop-cap\"><a href=\"https:\/\/www.efrm.info\/efrm\/wp-content\/uploads\/2021\/04\/HEF_524867-unterwegs-im-Rheintal-bei-Ruedesheim.jpg\"><img loading=\"lazy\" decoding=\"async\" class=\"alignleft wp-image-38 size-thumbnail\" src=\"https:\/\/www.efrm.info\/efrm\/wp-content\/uploads\/2021\/04\/HEF_524867-unterwegs-im-Rheintal-bei-Ruedesheim-e1619471098397-150x150.jpg\" alt=\"\" width=\"150\" height=\"150\" \/><\/a><a href=\"https:\/\/www.efrm.info\/efrm\/wp-content\/uploads\/2021\/04\/HEF_524867-vor-EZB.jpg\"><img loading=\"lazy\" decoding=\"async\" class=\"alignleft size-thumbnail wp-image-39\" src=\"https:\/\/www.efrm.info\/efrm\/wp-content\/uploads\/2021\/04\/HEF_524867-vor-EZB-150x150.jpg\" alt=\"\" width=\"150\" height=\"150\" \/><\/a>Der Historische Eisenbahn Frankfurt e.V. (HEF) hat sich den betriebsbereiten Erhalt historischer Schienenfahrzeuge auf die Fahnen geschrieben. Dabei liegt ein Schwerpunkt auf Dampflokomotiven. Die Museen m\u00f6gen voll mit alten Lokomotiven sein, die der HEF &#8222;leben&#8220; und besitzen die Zulassung f\u00fcr das Befahren \u00f6ffentlicher Gleise. Das hebt die HEF von klassischen Museen ab. Die HEF gew\u00e4hrt mit ihren Sonderfahrten zu Zielen der Region, aber auch zu \u00fcberregionalen Destinationen einen Blick in eine l\u00e4ngst vergangene (Eisenbahn)-Zeit. Bei der HEF l\u00e4sst sich die Vergangenheit nicht nur besichtigen, man kann sie auch erfahren.<\/p>\r\n\r\n\r\n\r\n<h3>Kontakt:<\/h3>\r\n\r\n\r\n\r\n<p style=\"padding-left: 40px;\"><i class=\"dashicons dashicons-email\"><\/i> <a href=\"mailto:info@historische-eisenbahn-frankfurt.de\">info@historische-eisenbahn-frankfurt.de<\/a><\/p>\r\n\r\n\r\n\r\n<p style=\"padding-left: 40px;\"><i class=\"dashicons dashicons-admin-site-alt3\"><\/i> <a href=\"https:\/\/www.historische-eisenbahn-frankfurt.de\" target=\"_blank\" rel=\"noopener\" data-type=\"URL\" data-id=\"https:\/\/www.historische-eisenbahn-frankfurt.de\">historische-eisenbahn-frankfurt.de<\/a><\/p>\r\n<p style=\"padding-left: 40px;\"><i class=\"dashicons dashicons-phone\"><\/i> 069\/436093 (nur Sa 11-16 Uhr),<\/p>\r\n\r\n\r\n\r\n<p style=\"padding-left: 40px;\"><i class=\"dashicons dashicons-facebook\"><\/i> <a href=\"https:\/\/de-de.facebook.com\/HEFrankfurt\/\" target=\"_blank\" rel=\"noopener\">Historische Eisenbahn Frankfurt auf Facebook<\/a><\/p>\r\n<h3>Adresse<\/h3>\r\n<p style=\"padding-left: 40px;\">Historische Eisenbahn Frankfurt e.V.<\/p>\r\n<p style=\"padding-left: 40px;\">Intzestra\u00dfe 34<\/p>\r\n<p style=\"padding-left: 40px;\">60314 Frankfurt am Main<\/p>\r\n\r\n\r\n\r\n<p>&nbsp;<\/p>\r\n","protected":false},"excerpt":{"rendered":"<p>Rollendes Eisenbahnmuseum auf Schienen und frei zug\u00e4ngliches Betriebsgel\u00e4nde Der Historische Eisenbahn Frankfurt e.V. (HEF) hat sich den betriebsbereiten Erhalt historischer<\/p>\n","protected":false},"author":2,"featured_media":0,"parent":52,"menu_order":0,"comment_status":"closed","ping_status":"closed","template":"","meta":{"colormag_page_container_layout":"default_layout","colormag_page_sidebar_layout":"default_layout","footnotes":""},"class_list":["post-43","page","type-page","status-publish","hentry"],"_links":{"self":[{"href":"https:\/\/www.efrm.info\/efrm\/wp-json\/wp\/v2\/pages\/43","targetHints":{"allow":["GET"]}}],"collection":[{"href":"https:\/\/www.efrm.info\/efrm\/wp-json\/wp\/v2\/pages"}],"about":[{"href":"https:\/\/www.efrm.info\/efrm\/wp-json\/wp\/v2\/types\/page"}],"author":[{"embeddable":true,"href":"https:\/\/www.efrm.info\/efrm\/wp-json\/wp\/v2\/users\/2"}],"replies":[{"embeddable":true,"href":"https:\/\/www.efrm.info\/efrm\/wp-json\/wp\/v2\/comments?post=43"}],"version-history":[{"count":25,"href":"https:\/\/www.efrm.info\/efrm\/wp-json\/wp\/v2\/pages\/43\/revisions"}],"predecessor-version":[{"id":323,"href":"https:\/\/www.efrm.info\/efrm\/wp-json\/wp\/v2\/pages\/43\/revisions\/323"}],"up":[{"embeddable":true,"href":"https:\/\/www.efrm.info\/efrm\/wp-json\/wp\/v2\/pages\/52"}],"wp:attachment":[{"href":"https:\/\/www.efrm.info\/efrm\/wp-json\/wp\/v2\/media?parent=43"}],"curies":[{"name":"wp","href":"https:\/\/api.w.org\/{rel}","templated":true}]}}