{"id":457,"date":"2023-03-15T22:57:03","date_gmt":"2023-03-15T21:57:03","guid":{"rendered":"https:\/\/www.efrm.info\/efrm\/?page_id=457"},"modified":"2023-03-15T23:42:39","modified_gmt":"2023-03-15T22:42:39","slug":"dampfbahnclub-rhein-main-e-v","status":"publish","type":"page","link":"https:\/\/www.efrm.info\/efrm\/modelleisenbahn-clubs\/dampfbahnclub-rhein-main-e-v\/","title":{"rendered":"Dampfbahnclub Rhein-Main e.V."},"content":{"rendered":"<p><a href=\"https:\/\/www.efrm.info\/efrm\/wp-content\/uploads\/2023\/03\/DBC_Rh-M_Logo12.png\"><img loading=\"lazy\" decoding=\"async\" class=\"wp-image-463 size-medium alignleft\" src=\"https:\/\/www.efrm.info\/efrm\/wp-content\/uploads\/2023\/03\/DBC_Rh-M_Logo12-300x217.png\" alt=\"\" width=\"300\" height=\"217\" srcset=\"https:\/\/www.efrm.info\/efrm\/wp-content\/uploads\/2023\/03\/DBC_Rh-M_Logo12-300x217.png 300w, https:\/\/www.efrm.info\/efrm\/wp-content\/uploads\/2023\/03\/DBC_Rh-M_Logo12.png 612w\" sizes=\"auto, (max-width: 300px) 100vw, 300px\" \/><\/a><a href=\"https:\/\/www.efrm.info\/efrm\/wp-content\/uploads\/2023\/03\/DBC_Rh-M_Foto_IMG-20220925-WA0002.jpg\"><img loading=\"lazy\" decoding=\"async\" class=\"alignleft wp-image-464 size-medium\" src=\"https:\/\/www.efrm.info\/efrm\/wp-content\/uploads\/2023\/03\/DBC_Rh-M_Foto_IMG-20220925-WA0002-300x225.jpg\" alt=\"\" width=\"300\" height=\"225\" srcset=\"https:\/\/www.efrm.info\/efrm\/wp-content\/uploads\/2023\/03\/DBC_Rh-M_Foto_IMG-20220925-WA0002-300x225.jpg 300w, https:\/\/www.efrm.info\/efrm\/wp-content\/uploads\/2023\/03\/DBC_Rh-M_Foto_IMG-20220925-WA0002-1024x768.jpg 1024w, https:\/\/www.efrm.info\/efrm\/wp-content\/uploads\/2023\/03\/DBC_Rh-M_Foto_IMG-20220925-WA0002-768x576.jpg 768w, https:\/\/www.efrm.info\/efrm\/wp-content\/uploads\/2023\/03\/DBC_Rh-M_Foto_IMG-20220925-WA0002-1536x1152.jpg 1536w, https:\/\/www.efrm.info\/efrm\/wp-content\/uploads\/2023\/03\/DBC_Rh-M_Foto_IMG-20220925-WA0002.jpg 2048w\" sizes=\"auto, (max-width: 300px) 100vw, 300px\" \/><\/a>Wir bieten einen Ort des Austauschs f\u00fcr Eisenbahnfans, Technikinteressierte und nat\u00fcrlich Mitfahrten auf von Dampflokomotiven gezogenen Z\u00fcgen. Es ist ein Spa\u00df f\u00fcr Gro\u00df und Klein. Ebenso k\u00f6nnen Geburtstage bei uns veranstaltet werden.<\/p>\n<p>Lassen Sie sich von uns in die Zeit der schnaufenden Dampflokomotiven vor schweren Personenz\u00fcgen zur\u00fcckversetzen und schnuppern Sie ein wenig Dampf.<br \/>\nGelegenheiten dazu bekommen Sie an unseren <a href=\"https:\/\/dbc-rhein-main.de\/fahrtage\/\" target=\"_blank\" rel=\"noopener\">\u00f6ffentlichen Fahrtagen<\/a> von April bis Oktober.<\/p>\n<h3><\/h3>\n<h3><\/h3>\n<h3>Kontakt<\/h3>\n<p><i class=\"dashicons dashicons-email\"><\/i> <a href=\"info@dbc-rhein-main.de\">info@dbc-rhein-main.de<\/a><\/p>\n<p><i class=\"dashicons dashicons-admin-site-alt3\"><\/i> <a href=\"https:\/\/dbc-rhein-main.de\" target=\"_blank\" rel=\"noopener\">dbc-rhein-main.de<\/a><\/p>\n<p><i class=\"dashicons dashicons-phone\"><\/i> 0172-6723123<\/p>\n<h3>Adresse<\/h3>\n<p>Dampfbahnclub Rhein-Main e.V.<\/p>\n<p>Auf der Mainspitze 21<\/p>\n<p>65462 Ginsheim-Gustavsburg<\/p>\n","protected":false},"excerpt":{"rendered":"<p>Wir bieten einen Ort des Austauschs f\u00fcr Eisenbahnfans, Technikinteressierte und nat\u00fcrlich Mitfahrten auf von Dampflokomotiven gezogenen Z\u00fcgen. Es ist ein<\/p>\n","protected":false},"author":2,"featured_media":0,"parent":8,"menu_order":0,"comment_status":"closed","ping_status":"closed","template":"","meta":{"colormag_page_container_layout":"default_layout","colormag_page_sidebar_layout":"default_layout","footnotes":""},"class_list":["post-457","page","type-page","status-publish","hentry"],"_links":{"self":[{"href":"https:\/\/www.efrm.info\/efrm\/wp-json\/wp\/v2\/pages\/457","targetHints":{"allow":["GET"]}}],"collection":[{"href":"https:\/\/www.efrm.info\/efrm\/wp-json\/wp\/v2\/pages"}],"about":[{"href":"https:\/\/www.efrm.info\/efrm\/wp-json\/wp\/v2\/types\/page"}],"author":[{"embeddable":true,"href":"https:\/\/www.efrm.info\/efrm\/wp-json\/wp\/v2\/users\/2"}],"replies":[{"embeddable":true,"href":"https:\/\/www.efrm.info\/efrm\/wp-json\/wp\/v2\/comments?post=457"}],"version-history":[{"count":7,"href":"https:\/\/www.efrm.info\/efrm\/wp-json\/wp\/v2\/pages\/457\/revisions"}],"predecessor-version":[{"id":469,"href":"https:\/\/www.efrm.info\/efrm\/wp-json\/wp\/v2\/pages\/457\/revisions\/469"}],"up":[{"embeddable":true,"href":"https:\/\/www.efrm.info\/efrm\/wp-json\/wp\/v2\/pages\/8"}],"wp:attachment":[{"href":"https:\/\/www.efrm.info\/efrm\/wp-json\/wp\/v2\/media?parent=457"}],"curies":[{"name":"wp","href":"https:\/\/api.w.org\/{rel}","templated":true}]}}