{"id":504,"date":"2023-11-29T01:32:36","date_gmt":"2023-11-29T00:32:36","guid":{"rendered":"https:\/\/www.efrm.info\/efrm\/?page_id=504"},"modified":"2023-11-29T01:34:19","modified_gmt":"2023-11-29T00:34:19","slug":"born2brick-e-v","status":"publish","type":"page","link":"https:\/\/www.efrm.info\/efrm\/modelleisenbahn-clubs\/born2brick-e-v\/","title":{"rendered":"born2brick e.V."},"content":{"rendered":"<p><a href=\"https:\/\/www.efrm.info\/efrm\/wp-content\/uploads\/2023\/11\/Logo_b2b_Weiss.jpg\"><img loading=\"lazy\" decoding=\"async\" class=\"alignleft size-thumbnail wp-image-500\" src=\"https:\/\/www.efrm.info\/efrm\/wp-content\/uploads\/2023\/11\/Logo_b2b_Weiss-150x150.jpg\" alt=\"\" width=\"150\" height=\"150\" \/><\/a><a href=\"https:\/\/www.efrm.info\/efrm\/wp-content\/uploads\/2023\/11\/B2B_Beispiel-3.jpeg\"><img loading=\"lazy\" decoding=\"async\" class=\"alignleft size-thumbnail wp-image-501\" src=\"https:\/\/www.efrm.info\/efrm\/wp-content\/uploads\/2023\/11\/B2B_Beispiel-3-150x150.jpeg\" alt=\"\" width=\"150\" height=\"150\" \/><\/a><a href=\"https:\/\/www.efrm.info\/efrm\/wp-content\/uploads\/2023\/11\/B2B_Beispiel-2.jpeg\"><img loading=\"lazy\" decoding=\"async\" class=\"alignleft size-thumbnail wp-image-502\" src=\"https:\/\/www.efrm.info\/efrm\/wp-content\/uploads\/2023\/11\/B2B_Beispiel-2-150x150.jpeg\" alt=\"\" width=\"150\" height=\"150\" \/><\/a>born2brick e.V. ist ein gemeinn\u00fctziger eingetragener Verein, der die Baukunst mit Klemmbausteinen in der Region Rhein-Main f\u00f6rdern m\u00f6chte. Als anerkannte RLUG (Recognized LEGO User Group) kooperieren wir mit LEGO und dem LEGO Store Frankfurt.<\/p>\r\n<p>Hierzu organisieren wir Ausstellungen, auf denen unsere Mitglieder ihre Modelle und Anlagen der \u00d6ffentlichkeit zeigen und austauschen k\u00f6nnen. Wir veranstalten regelm\u00e4\u00dfige Baunachmittage, Stammtische und weitere Treffen zu den bunten Steinen.<\/p>\r\n<h3>Kontakt:<\/h3>\r\n<!-- \/wp:post-content -->\r\n\r\n<!-- wp:paragraph -->\r\n<p style=\"padding-left: 40px;\"><i class=\"dashicons dashicons-email\"><\/i> <a href=\"mailto:vorstand@born2brick.de\">vorstand@born2brick.de<\/a><\/p>\r\n<!-- \/wp:paragraph -->\r\n\r\n<!-- wp:paragraph -->\r\n<p style=\"padding-left: 40px;\"><i class=\"dashicons dashicons-admin-site-alt3\"><\/i> <a href=\"https:\/\/www.born2brick.de\" target=\"_blank\" rel=\"noopener\" data-type=\"URL\" data-id=\"https:\/\/www.born2brick.de\">born2brick.de<\/a><\/p>\r\n<p style=\"padding-left: 40px;\"><i class=\"dashicons dashicons-phone\"><\/i> 069\/38 61 31 (Christian Simon)<\/p>\r\n<!-- \/wp:paragraph -->\r\n<h3>Adresse<\/h3>\r\n<p style=\"padding-left: 40px;\">born2brick e.V.<\/p>\r\n<p style=\"padding-left: 40px;\">c\/o Christian Simon<\/p>\r\n<p style=\"padding-left: 40px;\">Untere R\u00fctzelstra\u00dfe 8<\/p>\r\n<p style=\"padding-left: 40px;\">65933 Frankfurt am Main<\/p>","protected":false},"excerpt":{"rendered":"<p>born2brick e.V. ist ein gemeinn\u00fctziger eingetragener Verein, der die Baukunst mit Klemmbausteinen in der Region Rhein-Main f\u00f6rdern m\u00f6chte. Als anerkannte<\/p>\n","protected":false},"author":2,"featured_media":0,"parent":8,"menu_order":0,"comment_status":"closed","ping_status":"closed","template":"","meta":{"colormag_page_container_layout":"default_layout","colormag_page_sidebar_layout":"default_layout","footnotes":""},"class_list":["post-504","page","type-page","status-publish","hentry"],"_links":{"self":[{"href":"https:\/\/www.efrm.info\/efrm\/wp-json\/wp\/v2\/pages\/504","targetHints":{"allow":["GET"]}}],"collection":[{"href":"https:\/\/www.efrm.info\/efrm\/wp-json\/wp\/v2\/pages"}],"about":[{"href":"https:\/\/www.efrm.info\/efrm\/wp-json\/wp\/v2\/types\/page"}],"author":[{"embeddable":true,"href":"https:\/\/www.efrm.info\/efrm\/wp-json\/wp\/v2\/users\/2"}],"replies":[{"embeddable":true,"href":"https:\/\/www.efrm.info\/efrm\/wp-json\/wp\/v2\/comments?post=504"}],"version-history":[{"count":5,"href":"https:\/\/www.efrm.info\/efrm\/wp-json\/wp\/v2\/pages\/504\/revisions"}],"predecessor-version":[{"id":509,"href":"https:\/\/www.efrm.info\/efrm\/wp-json\/wp\/v2\/pages\/504\/revisions\/509"}],"up":[{"embeddable":true,"href":"https:\/\/www.efrm.info\/efrm\/wp-json\/wp\/v2\/pages\/8"}],"wp:attachment":[{"href":"https:\/\/www.efrm.info\/efrm\/wp-json\/wp\/v2\/media?parent=504"}],"curies":[{"name":"wp","href":"https:\/\/api.w.org\/{rel}","templated":true}]}}