{"id":514,"date":"2023-11-30T01:13:42","date_gmt":"2023-11-30T00:13:42","guid":{"rendered":"https:\/\/www.efrm.info\/efrm\/?page_id=514"},"modified":"2023-11-30T01:13:42","modified_gmt":"2023-11-30T00:13:42","slug":"miniatur-bahn-club-stellwerk-muehlheim-main-e-v","status":"publish","type":"page","link":"https:\/\/www.efrm.info\/efrm\/modelleisenbahn-clubs\/miniatur-bahn-club-stellwerk-muehlheim-main-e-v\/","title":{"rendered":"Miniatur-Bahn-Club &#8222;Stellwerk&#8220; M\u00fchlheim\/Main e.V."},"content":{"rendered":"<p><a href=\"https:\/\/www.efrm.info\/efrm\/wp-content\/uploads\/2023\/11\/Logo_Miniatur-Bahn-Club-scaled.jpg\"><img loading=\"lazy\" decoding=\"async\" class=\"alignleft size-thumbnail wp-image-510\" src=\"https:\/\/www.efrm.info\/efrm\/wp-content\/uploads\/2023\/11\/Logo_Miniatur-Bahn-Club-150x150.jpg\" alt=\"\" width=\"150\" height=\"150\" \/><\/a><a href=\"https:\/\/www.efrm.info\/efrm\/wp-content\/uploads\/2023\/11\/MBC_IMG_4262-1-scaled.jpg\"><img loading=\"lazy\" decoding=\"async\" class=\"alignleft size-thumbnail wp-image-512\" src=\"https:\/\/www.efrm.info\/efrm\/wp-content\/uploads\/2023\/11\/MBC_IMG_4262-1-150x150.jpg\" alt=\"\" width=\"150\" height=\"150\" \/><\/a><a href=\"https:\/\/www.efrm.info\/efrm\/wp-content\/uploads\/2023\/11\/MBC_IMG_4251-scaled.jpg\"><img loading=\"lazy\" decoding=\"async\" class=\"alignleft size-thumbnail wp-image-513\" src=\"https:\/\/www.efrm.info\/efrm\/wp-content\/uploads\/2023\/11\/MBC_IMG_4251-150x150.jpg\" alt=\"\" width=\"150\" height=\"150\" \/><\/a>Der Miniatur-Bahn-Club &#8218;Stellwerk&#8216; ging im Jahr 2023 aus der BSW-Gruppe &#8222;Stellwerk Offenbach&#8220; hervor, bis 2015 war diese in der G\u00fctersbfertigung OF-Ost zu finden.<\/p>\n<p>Seitdem wirken wir an dem neuen Standort in M\u00fchlheim am Main. Wir sind mit dem Bau einer Modelleisenbahnanlage in der Spurweite HO 1:87 besch\u00e4ftigt, deren Neubau im Jahr 2015 mit der Planung begonnen hat. Es handelt sich um eine Gleichstromanlage mit einer digitalen PC-Steuerung. Die Anlage soll einen Zeitpunkt Anfang der 1990er Jahre darstellen.<\/p>\n<p>Bei den Z\u00fcgen nehmen wir es nicht ganz so genau, hier f\u00e4hrt was gef\u00e4llt. Die zu bebauende Fl\u00e4che umfasst etwa 50 m\u00b2. Derzeit ist die Anlage im Rohbau zu sehen. Auf einem Teil der Anlage ist Pendel-Zugbetrieb m\u00f6glich, die Gleise sind verlegt und verdrahtet. Demn\u00e4chst wird dem Landschaftsbau begonnen.<\/p>\n<h3>Kontakt<\/h3>\n<p style=\"padding-left: 40px;\"><i class=\"dashicons dashicons-email\"><\/i> <a href=\"mailto:mailto:vorstand@miniaturbahnclub.de\">vorstand@miniaturbahnclub.de<\/a><\/p>\n<p style=\"padding-left: 40px;\"><i class=\"dashicons dashicons-admin-site-alt3\"><\/i> <a href=\"https:\/\/www.mibaclub.de\" target=\"_blank\" rel=\"noopener\">mibaclub.de<\/a><\/p>\n<p style=\"padding-left: 40px;\"><i class=\"dashicons dashicons-phone\"><\/i> 06108 6193118 (Freitags ab 20.00 Uhr)<\/p>\n<h3>Adresse<\/h3>\n<p style=\"padding-left: 40px;\">Miniatur-Bahn-Club &#8222;Stellwerk&#8220; M\u00fchlheim\/Main e.V.<\/p>\n<p style=\"padding-left: 40px;\">Friedensstra\u00dfe 12<\/p>\n<p style=\"padding-left: 40px;\">63165 M\u00fchlheim am Main<\/p>\n","protected":false},"excerpt":{"rendered":"<p>Der Miniatur-Bahn-Club &#8218;Stellwerk&#8216; ging im Jahr 2023 aus der BSW-Gruppe &#8222;Stellwerk Offenbach&#8220; hervor, bis 2015 war diese in der G\u00fctersbfertigung<\/p>\n","protected":false},"author":2,"featured_media":0,"parent":8,"menu_order":0,"comment_status":"closed","ping_status":"closed","template":"","meta":{"colormag_page_container_layout":"default_layout","colormag_page_sidebar_layout":"default_layout","footnotes":""},"class_list":["post-514","page","type-page","status-publish","hentry"],"_links":{"self":[{"href":"https:\/\/www.efrm.info\/efrm\/wp-json\/wp\/v2\/pages\/514","targetHints":{"allow":["GET"]}}],"collection":[{"href":"https:\/\/www.efrm.info\/efrm\/wp-json\/wp\/v2\/pages"}],"about":[{"href":"https:\/\/www.efrm.info\/efrm\/wp-json\/wp\/v2\/types\/page"}],"author":[{"embeddable":true,"href":"https:\/\/www.efrm.info\/efrm\/wp-json\/wp\/v2\/users\/2"}],"replies":[{"embeddable":true,"href":"https:\/\/www.efrm.info\/efrm\/wp-json\/wp\/v2\/comments?post=514"}],"version-history":[{"count":2,"href":"https:\/\/www.efrm.info\/efrm\/wp-json\/wp\/v2\/pages\/514\/revisions"}],"predecessor-version":[{"id":516,"href":"https:\/\/www.efrm.info\/efrm\/wp-json\/wp\/v2\/pages\/514\/revisions\/516"}],"up":[{"embeddable":true,"href":"https:\/\/www.efrm.info\/efrm\/wp-json\/wp\/v2\/pages\/8"}],"wp:attachment":[{"href":"https:\/\/www.efrm.info\/efrm\/wp-json\/wp\/v2\/media?parent=514"}],"curies":[{"name":"wp","href":"https:\/\/api.w.org\/{rel}","templated":true}]}}