{"id":52,"date":"2021-04-25T22:24:41","date_gmt":"2021-04-25T20:24:41","guid":{"rendered":"https:\/\/www.efrm.info\/efrm\/?page_id=52"},"modified":"2021-05-01T02:01:51","modified_gmt":"2021-05-01T00:01:51","slug":"eisenbahnvereine_und_maschinen","status":"publish","type":"page","link":"https:\/\/www.efrm.info\/efrm\/eisenbahnvereine_und_maschinen\/","title":{"rendered":"Eisenbahn und Maschinen"},"content":{"rendered":"<p>Vereine, die sich mit dem Vorbild besch\u00e4ftigen &#8211; von Feldbahn \u00fcber Stra\u00dfenbahn bis zur Museumseisenbahn.<br \/>\n<div id=\"ccchildpages-1\" class=\"ccchildpages ccflex  simple ccclearfix\"><ul class=\"ccchildpages_list ccclearfix\"><li class=\"page_item page-item-43\"><a href=\"https:\/\/www.efrm.info\/efrm\/eisenbahnvereine_und_maschinen\/historische-eisenbahn-frankfurt-e-v\/\">Historische Eisenbahn Frankfurt e.V.<\/a><\/li>\n<li class=\"page_item page-item-125\"><a href=\"https:\/\/www.efrm.info\/efrm\/eisenbahnvereine_und_maschinen\/frankfurter-feldbahnmuseum-e-v\/\">Frankfurter Feldbahnmuseum e.V.<\/a><\/li>\n<li class=\"page_item page-item-171\"><a href=\"https:\/\/www.efrm.info\/efrm\/eisenbahnvereine_und_maschinen\/171-2\/\">F\u00f6rderverein Dampfmaschinenmuseum e.V.<\/a><\/li>\n<li class=\"page_item page-item-181\"><a href=\"https:\/\/www.efrm.info\/efrm\/eisenbahnvereine_und_maschinen\/historische-strassenbahn-der-stadt-frankfurt-am-main-e-v\/\">Historische Stra\u00dfenbahn der Stadt  Frankfurt am Main e.V<\/a><\/li>\n<li class=\"page_item page-item-214\"><a href=\"https:\/\/www.efrm.info\/efrm\/eisenbahnvereine_und_maschinen\/museumseisenbahn-hanau-e-v\/\">Museumseisenbahn Hanau e. V.<\/a><\/li>\n<li class=\"page_item page-item-221\"><a href=\"https:\/\/www.efrm.info\/efrm\/eisenbahnvereine_und_maschinen\/eisenbahnfreunde-wetterau-e-v\/\">Eisenbahnfreunde Wetterau e.V.<\/a><\/li>\n<li class=\"page_item page-item-231\"><a href=\"https:\/\/www.efrm.info\/efrm\/eisenbahnvereine_und_maschinen\/verein-furka-bergstrecke-sektion-rhein-main-e-v\/\">Verein  Furka-Bergstrecke Sektion Rhein-Main e.V.<\/a><\/li>\n<li class=\"page_item page-item-238\"><a href=\"https:\/\/www.efrm.info\/efrm\/eisenbahnvereine_und_maschinen\/bad-schwalbacher-kurbahn-verein\/\">Bad Schwalbacher Kurbahn-Verein<\/a><\/li><\/ul><\/div><\/p>\n","protected":false},"excerpt":{"rendered":"<p>Vereine, die sich mit dem Vorbild besch\u00e4ftigen &#8211; von Feldbahn \u00fcber Stra\u00dfenbahn bis zur Museumseisenbahn.<\/p>\n","protected":false},"author":2,"featured_media":0,"parent":0,"menu_order":0,"comment_status":"closed","ping_status":"closed","template":"","meta":{"colormag_page_container_layout":"default_layout","colormag_page_sidebar_layout":"default_layout","footnotes":""},"class_list":["post-52","page","type-page","status-publish","hentry"],"_links":{"self":[{"href":"https:\/\/www.efrm.info\/efrm\/wp-json\/wp\/v2\/pages\/52","targetHints":{"allow":["GET"]}}],"collection":[{"href":"https:\/\/www.efrm.info\/efrm\/wp-json\/wp\/v2\/pages"}],"about":[{"href":"https:\/\/www.efrm.info\/efrm\/wp-json\/wp\/v2\/types\/page"}],"author":[{"embeddable":true,"href":"https:\/\/www.efrm.info\/efrm\/wp-json\/wp\/v2\/users\/2"}],"replies":[{"embeddable":true,"href":"https:\/\/www.efrm.info\/efrm\/wp-json\/wp\/v2\/comments?post=52"}],"version-history":[{"count":8,"href":"https:\/\/www.efrm.info\/efrm\/wp-json\/wp\/v2\/pages\/52\/revisions"}],"predecessor-version":[{"id":192,"href":"https:\/\/www.efrm.info\/efrm\/wp-json\/wp\/v2\/pages\/52\/revisions\/192"}],"wp:attachment":[{"href":"https:\/\/www.efrm.info\/efrm\/wp-json\/wp\/v2\/media?parent=52"}],"curies":[{"name":"wp","href":"https:\/\/api.w.org\/{rel}","templated":true}]}}